{"id":8497,"date":"2023-08-15T17:41:06","date_gmt":"2023-08-15T14:41:06","guid":{"rendered":"https:\/\/hamamcioglu.com\/hakkimizda\/"},"modified":"2024-10-11T13:50:05","modified_gmt":"2024-10-11T10:50:05","slug":"about-us","status":"publish","type":"page","link":"https:\/\/hamamcioglu.com\/en\/about-us\/","title":{"rendered":"About Us"},"content":{"rendered":"<section class=\"l-section wpb_row height_small\"><div class=\"l-section-h i-cf\"><div class=\"g-cols vc_row via_grid cols_1-3 laptops-cols_inherit tablets-cols_inherit mobiles-cols_1 valign_top type_default stacking_default\"><div class=\"wpb_column vc_column_container\"><div class=\"vc_column-inner\"><div class=\"wpb_text_column us_custom_ab44fb47 has_text_color\"><div class=\"wpb_wrapper\"><p><strong>About Us<\/strong><\/p>\n<\/div><\/div><div class=\"wpb_text_column\"><div class=\"wpb_wrapper\"><ul>\n<li><strong><a href=\"https:\/\/hamamcioglu.com\/en\/about-us\/\">Company Profile<\/a><\/strong><\/li>\n<li><strong><a href=\"https:\/\/www.splendidhotel.net\/\">Splendid Palas Hotel<\/a><\/strong><\/li>\n<\/ul>\n<\/div><\/div><\/div><\/div><div class=\"wpb_column vc_column_container\"><div class=\"vc_column-inner\"><div class=\"wpb_text_column\"><div class=\"wpb_wrapper\"><h3>HAMAMCIO\u011eLU M\u00dcESSESELER\u0130 T\u0130CARET T\u00dcRK A.\u015e.<\/h3>\n<p><img decoding=\"async\" loading=\"lazy\" class=\" wp-image-8334 alignleft\" src=\"https:\/\/hamamcioglu.com\/wp-content\/uploads\/2023\/08\/cropped-hamamcioglufav-300x300.png\" alt=\"\" width=\"274\" height=\"274\" srcset=\"https:\/\/hamamcioglu.com\/wp-content\/uploads\/2023\/08\/cropped-hamamcioglufav-300x300.png 300w, https:\/\/hamamcioglu.com\/wp-content\/uploads\/2023\/08\/cropped-hamamcioglufav-150x150.png 150w, https:\/\/hamamcioglu.com\/wp-content\/uploads\/2023\/08\/cropped-hamamcioglufav-90x90.png 90w, https:\/\/hamamcioglu.com\/wp-content\/uploads\/2023\/08\/cropped-hamamcioglufav-400x400.png 400w, https:\/\/hamamcioglu.com\/wp-content\/uploads\/2023\/08\/cropped-hamamcioglufav-270x270.png 270w, https:\/\/hamamcioglu.com\/wp-content\/uploads\/2023\/08\/cropped-hamamcioglufav-192x192.png 192w, https:\/\/hamamcioglu.com\/wp-content\/uploads\/2023\/08\/cropped-hamamcioglufav-180x180.png 180w, https:\/\/hamamcioglu.com\/wp-content\/uploads\/2023\/08\/cropped-hamamcioglufav-32x32.png 32w, https:\/\/hamamcioglu.com\/wp-content\/uploads\/2023\/08\/cropped-hamamcioglufav.png 512w\" sizes=\"(max-width: 274px) 100vw, 274px\" \/><\/p>\n<p>Hamamc\u0131o\u011flu M\u00fcesseseleri Ticaret T\u00fcrk A.\u015e was founded in Istanbul in 1880 by Ali Hamamc\u0131o\u011flu.<\/p>\n<p>It is the oldest family owned trading company in Turkey presented with the honor of adding the \u201cTurk\u201d name to its title by a decision of the Council of Ministers in the 1940s.<\/p>\n<p>It exported agricultural and marine products until 1946 and was organized in Romania, Bulgaria and Greece at that time.<\/p>\n<p>In 1947, the company&#8217;s field of business was shifted from export to import and the type of goods from agricultural\/marine products to technical equipment. The technical products in question include compressed air equipment, construction and mining machinery, generators, excavation machinery, road construction machinery, trucks and tractors.<\/p>\n<p>Regarding all imported equipment, customers are provided with technical maintenance\/repair service and spare parts support nationwide.<\/p>\n<p><b>HEADQUARTERS<\/b><\/p>\n<p>Our company has been operating in its modern facilities with a closed area of 4000 m\u00b2 in Orhanl\u0131 Tuzla (next to the TEM Highway) since 1994.<\/p>\n<p>&nbsp;<\/p>\n<p><img decoding=\"async\" loading=\"lazy\" class=\"alignnone wp-image-8357\" src=\"https:\/\/hamamcioglu.com\/wp-content\/uploads\/2023\/08\/about_us_img_2-300x58.jpg\" alt=\"\" width=\"562\" height=\"153\" \/><\/p>\n<h1><img decoding=\"async\" loading=\"lazy\" class=\"alignnone wp-image-8245\" src=\"https:\/\/hamamcioglu.com\/wp-content\/uploads\/2023\/08\/about_us_img_1-300x107.jpg\" alt=\"\" width=\"797\" height=\"284\" srcset=\"https:\/\/hamamcioglu.com\/wp-content\/uploads\/2023\/08\/about_us_img_1-300x107.jpg 300w, https:\/\/hamamcioglu.com\/wp-content\/uploads\/2023\/08\/about_us_img_1.jpg 730w, https:\/\/hamamcioglu.com\/wp-content\/uploads\/2023\/08\/about_us_img_1-250x90.jpg 250w, https:\/\/hamamcioglu.com\/wp-content\/uploads\/2023\/08\/about_us_img_1-600x214.jpg 600w\" sizes=\"(max-width: 797px) 100vw, 797px\" \/><\/h1>\n<h2>AFFILIATED COMPANIES<\/h2>\n<p><b>Turyat Turizm Yat\u0131r\u0131m ve Ticaret Ltd. \u015eti.<\/b><\/p>\n<p>It operates hotels as a tourism company affiliated with Turyat Hamamc\u0131o\u011flu.<\/p>\n<p><b><a href=\"https:\/\/www.splendidhotel.net\/\"><img decoding=\"async\" loading=\"lazy\" class=\"wp-image-8532 alignleft\" src=\"https:\/\/hamamcioglu.com\/wp-content\/uploads\/2024\/10\/splendid-logo.png\" alt=\"\" width=\"83\" height=\"86\" \/><\/a>Splendid Hotel<\/b><\/p>\n<p><a href=\"https:\/\/splendidhotel.net\/\">Click HERE<\/a> for the corporate website.<\/p>\n<\/div><\/div><\/div><\/div><\/div><\/div><\/section>\n","protected":false},"excerpt":{"rendered":"About Us Company Profile Splendid Palas Hotel HAMAMCIO\u011eLU M\u00dcESSESELER\u0130 T\u0130CARET T\u00dcRK A.\u015e. Hamamc\u0131o\u011flu M\u00fcesseseleri Ticaret T\u00fcrk A.\u015e was founded in Istanbul in 1880 by Ali Hamamc\u0131o\u011flu. It is the oldest family owned trading company in Turkey presented with the honor of adding the \u201cTurk\u201d name to its title by a decision of the Council of...","protected":false},"author":1,"featured_media":0,"parent":0,"menu_order":0,"comment_status":"closed","ping_status":"closed","template":"","meta":[],"_links":{"self":[{"href":"https:\/\/hamamcioglu.com\/en\/wp-json\/wp\/v2\/pages\/8497"}],"collection":[{"href":"https:\/\/hamamcioglu.com\/en\/wp-json\/wp\/v2\/pages"}],"about":[{"href":"https:\/\/hamamcioglu.com\/en\/wp-json\/wp\/v2\/types\/page"}],"author":[{"embeddable":true,"href":"https:\/\/hamamcioglu.com\/en\/wp-json\/wp\/v2\/users\/1"}],"replies":[{"embeddable":true,"href":"https:\/\/hamamcioglu.com\/en\/wp-json\/wp\/v2\/comments?post=8497"}],"version-history":[{"count":10,"href":"https:\/\/hamamcioglu.com\/en\/wp-json\/wp\/v2\/pages\/8497\/revisions"}],"predecessor-version":[{"id":8537,"href":"https:\/\/hamamcioglu.com\/en\/wp-json\/wp\/v2\/pages\/8497\/revisions\/8537"}],"wp:attachment":[{"href":"https:\/\/hamamcioglu.com\/en\/wp-json\/wp\/v2\/media?parent=8497"}],"curies":[{"name":"wp","href":"https:\/\/api.w.org\/{rel}","templated":true}]}}