{"id":8466,"date":"2019-05-10T14:40:15","date_gmt":"2019-05-10T11:40:15","guid":{"rendered":"https:\/\/hamamcioglu.com\/?page_id=8466"},"modified":"2026-02-02T15:54:13","modified_gmt":"2026-02-02T12:54:13","slug":"__trashed","status":"publish","type":"page","link":"https:\/\/hamamcioglu.com\/en\/","title":{"rendered":"Home"},"content":{"rendered":"<section class=\"l-section wpb_row us_custom_1c534814 height_auto\"><div class=\"l-section-h i-cf\"><div class=\"g-cols vc_row via_grid cols_1 laptops-cols_inherit tablets-cols_inherit mobiles-cols_1 valign_top type_default stacking_default\"><div class=\"wpb_column vc_column_container\"><div class=\"vc_column-inner\"><div class=\"w-slider style_none fit_scaledown\"><div class=\"w-slider-h\"><div class=\"royalSlider\"><div class=\"rsContent\"><a class=\"rsImg\" data-rsw=\"980\" data-rsh=\"426\" href=\"https:\/\/hamamcioglu.com\/wp-content\/uploads\/2026\/02\/hslider26.jpg\"><span data-alt=\"\"><\/span><\/a><\/div><\/div><img src=\"https:\/\/hamamcioglu.com\/wp-content\/uploads\/2026\/02\/hslider26.jpg\" width=\"980\" height=\"426\" alt loading=\"lazy\"><\/div><div class=\"w-slider-json\" onclick='return {&quot;autoScaleSlider&quot;:true,&quot;loop&quot;:true,&quot;fadeInLoadedSlide&quot;:false,&quot;slidesSpacing&quot;:0,&quot;imageScalePadding&quot;:0,&quot;numImagesToPreload&quot;:2,&quot;arrowsNav&quot;:true,&quot;arrowsNavAutoHide&quot;:true,&quot;transitionType&quot;:&quot;move&quot;,&quot;transitionSpeed&quot;:250,&quot;block&quot;:{&quot;moveEffect&quot;:&quot;none&quot;,&quot;speed&quot;:300},&quot;thumbs&quot;:{&quot;fitInViewport&quot;:false},&quot;controlNavigation&quot;:&quot;none&quot;,&quot;autoplay&quot;:{&quot;enabled&quot;:true,&quot;pauseOnHover&quot;:true,&quot;delay&quot;:1500},&quot;imageScaleMode&quot;:&quot;fit-if-smaller&quot;,&quot;autoScaleSliderWidth&quot;:980,&quot;autoScaleSliderHeight&quot;:426}'><\/div><\/div><\/div><\/div><\/div><\/div><\/section><section class=\"l-section wpb_row height_custom\"><div class=\"l-section-h i-cf\"><div class=\"g-cols vc_row via_grid cols_2 laptops-cols_inherit tablets-cols_inherit mobiles-cols_1 valign_top type_default stacking_default\"><div class=\"wpb_column vc_column_container\"><div class=\"vc_column-inner\"><div class=\"wpb_text_column\"><div class=\"wpb_wrapper\"><p align=\"justify\"><strong>About Us<\/strong><\/p>\n<p>Hamamc\u0131o\u011flu M\u00fcesseseleri Ticaret T\u00fcrk A.\u015e. was founded in 1880. It is the oldest family owned trading company in Turkey presented with the honor of adding the \u201cTurk\u201d name to its title by a decision of the Council of Ministers in the 1940s.\u00a0 Company was heavily involved in the agriculture export business in early years. In 1947, the company determined its business area as imports of machinery and technical equipment.<\/p>\n<p>The technical products in question include compressed air equipment, construction and mining machinery, excavation machinery, road construction machinery, lighting towers, off-road forklifts and tractors.<\/p>\n<p>Regarding all imported equipment, customers are provided with technical maintenance\/repair service and spare parts support nationwide. The company&#8217;s headquarters is in Tuzla-Istanbul.<\/p>\n<\/div><\/div><\/div><\/div><div class=\"wpb_column vc_column_container\"><div class=\"vc_column-inner\"><div class=\"wpb_text_column\"><div class=\"wpb_wrapper\"><p><strong>Why Hamamcioglu?<\/strong><\/p>\n<ul>\n<li>Hamamc\u0131o\u011flu always offers the highest quality goods and the highest quality service.<\/li>\n<li>At Hamamc\u0131o\u011flu, &#8220;Customer&#8221; is our benefactor.<\/li>\n<li>Hamamc\u0131o\u011flu renews itself but does not compromise on its past and foundation principles.<\/li>\n<li>Hamamc\u0131o\u011flu makes a difference with its high-performance, dedicated employees.<\/li>\n<li>Hamamcioglu is efficient, effective.<\/li>\n<li>Hamamc\u0131o\u011flu has existed in accordance with the changing business conditions of Turkey since 1880.<\/li>\n<\/ul>\n<\/div><\/div><\/div><\/div><\/div><\/div><\/section>\n","protected":false},"excerpt":{"rendered":"About Us Hamamc\u0131o\u011flu M\u00fcesseseleri Ticaret T\u00fcrk A.\u015e. was founded in 1880. It is the oldest family owned trading company in Turkey presented with the honor of adding the \u201cTurk\u201d name to its title by a decision of the Council of Ministers in the 1940s.\u00a0 Company was heavily involved in the agriculture export business in early...","protected":false},"author":1,"featured_media":0,"parent":0,"menu_order":0,"comment_status":"closed","ping_status":"closed","template":"","meta":[],"_links":{"self":[{"href":"https:\/\/hamamcioglu.com\/en\/wp-json\/wp\/v2\/pages\/8466"}],"collection":[{"href":"https:\/\/hamamcioglu.com\/en\/wp-json\/wp\/v2\/pages"}],"about":[{"href":"https:\/\/hamamcioglu.com\/en\/wp-json\/wp\/v2\/types\/page"}],"author":[{"embeddable":true,"href":"https:\/\/hamamcioglu.com\/en\/wp-json\/wp\/v2\/users\/1"}],"replies":[{"embeddable":true,"href":"https:\/\/hamamcioglu.com\/en\/wp-json\/wp\/v2\/comments?post=8466"}],"version-history":[{"count":17,"href":"https:\/\/hamamcioglu.com\/en\/wp-json\/wp\/v2\/pages\/8466\/revisions"}],"predecessor-version":[{"id":8558,"href":"https:\/\/hamamcioglu.com\/en\/wp-json\/wp\/v2\/pages\/8466\/revisions\/8558"}],"wp:attachment":[{"href":"https:\/\/hamamcioglu.com\/en\/wp-json\/wp\/v2\/media?parent=8466"}],"curies":[{"name":"wp","href":"https:\/\/api.w.org\/{rel}","templated":true}]}}