{"id":8484,"date":"2013-05-31T11:56:39","date_gmt":"2013-05-31T08:56:39","guid":{"rendered":"https:\/\/hamamcioglu.com\/contact-us\/"},"modified":"2026-02-16T11:46:17","modified_gmt":"2026-02-16T08:46:17","slug":"contact-us","status":"publish","type":"page","link":"http:\/\/hamamcioglu.com\/en\/contact-us\/","title":{"rendered":"Contact Us"},"content":{"rendered":"<section class=\"l-section wpb_row height_small\"><div class=\"l-section-h i-cf\"><div class=\"g-cols vc_row via_grid cols_1 laptops-cols_inherit tablets-cols_inherit mobiles-cols_1 valign_top type_default stacking_default\"><div class=\"wpb_column vc_column_container\"><div class=\"vc_column-inner\"><div class=\"w-image align_center\"><div url class=\"w-image-h\"><img width=\"980\" height=\"426\" src=\"http:\/\/hamamcioglu.com\/wp-content\/uploads\/2026\/02\/hslider26.jpg\" class=\"attachment-large size-large\" alt=\"\" decoding=\"async\" loading=\"lazy\" srcset=\"http:\/\/hamamcioglu.com\/wp-content\/uploads\/2026\/02\/hslider26.jpg 980w, http:\/\/hamamcioglu.com\/wp-content\/uploads\/2026\/02\/hslider26-300x130.jpg 300w, http:\/\/hamamcioglu.com\/wp-content\/uploads\/2026\/02\/hslider26-207x90.jpg 207w, http:\/\/hamamcioglu.com\/wp-content\/uploads\/2026\/02\/hslider26-600x261.jpg 600w\" sizes=\"(max-width: 980px) 100vw, 980px\" \/><\/div><\/div><\/div><\/div><\/div><\/div><\/section><section class=\"l-section wpb_row height_auto\"><div class=\"l-section-h i-cf\"><div class=\"g-cols vc_row via_grid cols_2 laptops-cols_inherit tablets-cols_inherit mobiles-cols_1 valign_top type_default stacking_default\" style=\"grid-gap:calc(3rem + 10px);\"><div class=\"wpb_column vc_column_container\"><div class=\"vc_column-inner\"><div class=\"wpb_text_column\"><div class=\"wpb_wrapper\"><h4><b>Hamamc\u0131o\u011flu M\u00fcesseseleri Ticaret T\u00fcrk A.\u015e.<\/b><\/h4>\n<div id=\"gtx-trans\" style=\"position: absolute; left: 151px; top: -6.28125px;\">\n<div class=\"gtx-trans-icon\"><\/div>\n<\/div>\n<\/div><\/div><div class=\"w-separator size_medium\"><\/div><div class=\"wpb_text_column\"><div class=\"wpb_wrapper\"><h5>Contact Information<\/h5>\n<\/div><\/div><div class=\"w-separator size_small\"><\/div><div class=\"w-iconbox iconpos_left style_circle color_primary align_left no_text\"><div class=\"w-iconbox-icon\" style=\"font-size:22px;\"><i class=\"far fa-map-marker-alt\"><\/i><\/div><div class=\"w-iconbox-meta\"><div class=\"w-iconbox-title\">Kavac\u0131k Mah. Elbistan Sk. Pekiz Plaza No:5 \u0130\u00e7 Kap\u0131 No:9 Beykoz \/\u0130stanbul<\/div><\/div><\/div><div class=\"w-separator size_small\"><\/div><div class=\"w-iconbox iconpos_left style_circle color_primary align_left no_text\"><div class=\"w-iconbox-icon\" style=\"font-size:22px;\"><i class=\"far fa-phone\"><\/i><\/div><div class=\"w-iconbox-meta\"><div class=\"w-iconbox-title\">+902163943210<\/div><\/div><\/div><div class=\"w-separator size_small\"><\/div><div class=\"w-iconbox iconpos_left style_circle color_primary align_left no_text\"><a href=\"mailto:info@hamamcioglucom\" class=\"w-iconbox-link\" aria-label=\"info@hamamcioglu.com\"><div class=\"w-iconbox-icon\" style=\"font-size:22px;\"><i class=\"far fa-envelope\"><\/i><\/div><\/a><div class=\"w-iconbox-meta\"><a href=\"mailto:info@hamamcioglucom\" class=\"w-iconbox-link\" aria-label=\"info@hamamcioglu.com\"><div class=\"w-iconbox-title\">info@hamamcioglu.com<\/div><\/a><\/div><\/div><div class=\"w-separator size_small\"><\/div>[vc_raw_html]PGlmcmFtZSBzcmM9Imh0dHBzOi8vd3d3Lmdvb2dsZS5jb20vbWFwcy9lbWJlZD9wYj0hMW0xNCExbTghMW0zITFkMTIwNjMuNDM3MjMwNTU2NzU2ITJkMjkuMzY4MTU5ITNkNDAuODk2OTAxITNtMiExaTEwMjQhMmk3NjghNGYxMy4xITNtMyExbTIhMXMweDE0Y2FkOWIyNjZjYzdiNjUlM0EweDgwZGE2ZTNjZmZhMDQzNTchMnpTR0Z0WVcxanhMRnZ4SjlzZFNCTnc3eGxjM05sYzJWc1pYSnAhNWUwITNtMiExc3RyITJzdHIhNHYxNjkyMTcyODMzOTc1ITVtMiExc3RyITJzdHIiIHdpZHRoPSI2MDAiIGhlaWdodD0iNDUwIiBzdHlsZT0iYm9yZGVyOjA7IiBhbGxvd2Z1bGxzY3JlZW49IiIgbG9hZGluZz0ibGF6eSIgcmVmZXJyZXJwb2xpY3k9Im5vLXJlZmVycmVyLXdoZW4tZG93bmdyYWRlIj48L2lmcmFtZT4=[\/vc_raw_html]<\/div><\/div><div class=\"wpb_column vc_column_container\"><div class=\"vc_column-inner\"><div class=\"wpb_text_column\"><div class=\"wpb_wrapper\"><h4>Contact Us<\/h4>\n<\/div><\/div><div class=\"w-separator size_small\"><\/div><form class=\"w-form  layout_ver for_cform us_form_1\" autocomplete=\"off\" action=\"http:\/\/hamamcioglu.com\/en\/wp-json\/wp\/v2\/pages\/8484\" method=\"post\"><div class=\"w-form-h\"><div class=\"w-form-row for_text has_label\">\r\n\t\t\t<div class=\"w-form-row-label\">\r\n\t\t\t<span>Your Name<\/span>\r\n\t\t<\/div>\r\n\t\t<div class=\"w-form-row-field\">\r\n\t\t\t\t\t\t<input aria-label=\"Your Name\" type=\"text\" name=\"us_form_1_text_1\" value placeholder\/>\r\n\t\t\t<\/div>\r\n\t\t<div class=\"w-form-row-state\">Fill out this field<\/div>\r\n<\/div>\r\n<div class=\"w-form-row for_email has_label required\">\r\n\t\t\t<div class=\"w-form-row-label\">\r\n\t\t\t<span>Email *<\/span>\r\n\t\t<\/div>\r\n\t\t<div class=\"w-form-row-field\">\r\n\t\t\t\t\t\t<input aria-label=\"Email\" type=\"email\" name=\"us_form_1_email_1\" value placeholder data-required=\"true\" aria-required=\"true\"\/>\r\n\t\t\t<\/div>\r\n\t\t<div class=\"w-form-row-state\">Please enter a valid email address.<\/div>\r\n<\/div>\r\n<div class=\"w-form-row for_textarea has_label required\">\r\n\t\t\t<div class=\"w-form-row-label\">\r\n\t\t\t<span>Your message *<\/span>\r\n\t\t<\/div>\r\n\t\t<div class=\"w-form-row-field\">\r\n\t\t\t\t\t\t<textarea aria-label=\"Your message\" name=\"us_form_1_textarea_1\" placeholder data-required=\"true\" aria-required=\"true\"><\/textarea>\r\n\t\t\t<\/div>\r\n\t\t<div class=\"w-form-row-state\">Fill out this field<\/div>\r\n<\/div>\r\n<input type=\"hidden\" name=\"action\" value=\"us_ajax_cform\" \/>\r\n<input type=\"hidden\" name=\"post_id\" value=\"0\" \/>\r\n<input type=\"hidden\" name=\"form_index\" value=\"1\" \/>\r\n<div class=\"w-form-row for_submit  align_none\">\r\n\t<button class=\"w-btn  us-btn-style_1\" aria-label=\"Send Message\" type=\"submit\">\r\n\t\t<span class=\"g-preloader type_1\"><\/span>\r\n\t\t\t\t<span class=\"w-btn-label\">Send Message<\/span>\r\n\t\t\t<\/button>\r\n\t<\/div>\r\n<\/div><div class=\"w-form-message\"><\/div><div class=\"w-form-json hidden\" onclick='return {&quot;ajaxurl&quot;:&quot;http:\\\/\\\/hamamcioglu.com\\\/wp-admin\\\/admin-ajax.php&quot;,&quot;messages&quot;:{&quot;err_empty&quot;:&quot;Fill out this field&quot;,&quot;err_size&quot;:&quot;File size cannot exceed %s MB&quot;,&quot;err_extension&quot;:&quot;%s file type is not allowed&quot;}}'><\/div><\/form><\/div><\/div><\/div><\/div><\/section>\n","protected":false},"excerpt":{"rendered":"Hamamc\u0131o\u011flu M\u00fcesseseleri Ticaret T\u00fcrk A.\u015e. Contact Information Kavac\u0131k Mah. Elbistan Sk. Pekiz Plaza No:5 \u0130\u00e7 Kap\u0131 No:9 Beykoz \/\u0130stanbul+902163943210info@hamamcioglu.com[vc_raw_html]PGlmcmFtZSBzcmM9Imh0dHBzOi8vd3d3Lmdvb2dsZS5jb20vbWFwcy9lbWJlZD9wYj0hMW0xNCExbTghMW0zITFkMTIwNjMuNDM3MjMwNTU2NzU2ITJkMjkuMzY4MTU5ITNkNDAuODk2OTAxITNtMiExaTEwMjQhMmk3NjghNGYxMy4xITNtMyExbTIhMXMweDE0Y2FkOWIyNjZjYzdiNjUlM0EweDgwZGE2ZTNjZmZhMDQzNTchMnpTR0Z0WVcxanhMRnZ4SjlzZFNCTnc3eGxjM05sYzJWc1pYSnAhNWUwITNtMiExc3RyITJzdHIhNHYxNjkyMTcyODMzOTc1ITVtMiExc3RyITJzdHIiIHdpZHRoPSI2MDAiIGhlaWdodD0iNDUwIiBzdHlsZT0iYm9yZGVyOjA7IiBhbGxvd2Z1bGxzY3JlZW49IiIgbG9hZGluZz0ibGF6eSIgcmVmZXJyZXJwb2xpY3k9Im5vLXJlZmVycmVyLXdoZW4tZG93bmdyYWRlIj48L2lmcmFtZT4=[\/vc_raw_html]Contact Us Your Name Fill out this field Email * Please enter a valid email address. Your message * Fill out this field Send Message","protected":false},"author":1,"featured_media":0,"parent":0,"menu_order":0,"comment_status":"closed","ping_status":"closed","template":"","meta":[],"_links":{"self":[{"href":"http:\/\/hamamcioglu.com\/en\/wp-json\/wp\/v2\/pages\/8484"}],"collection":[{"href":"http:\/\/hamamcioglu.com\/en\/wp-json\/wp\/v2\/pages"}],"about":[{"href":"http:\/\/hamamcioglu.com\/en\/wp-json\/wp\/v2\/types\/page"}],"author":[{"embeddable":true,"href":"http:\/\/hamamcioglu.com\/en\/wp-json\/wp\/v2\/users\/1"}],"replies":[{"embeddable":true,"href":"http:\/\/hamamcioglu.com\/en\/wp-json\/wp\/v2\/comments?post=8484"}],"version-history":[{"count":4,"href":"http:\/\/hamamcioglu.com\/en\/wp-json\/wp\/v2\/pages\/8484\/revisions"}],"predecessor-version":[{"id":8562,"href":"http:\/\/hamamcioglu.com\/en\/wp-json\/wp\/v2\/pages\/8484\/revisions\/8562"}],"wp:attachment":[{"href":"http:\/\/hamamcioglu.com\/en\/wp-json\/wp\/v2\/media?parent=8484"}],"curies":[{"name":"wp","href":"https:\/\/api.w.org\/{rel}","templated":true}]}}